{"id":11,"date":"2024-06-04T18:44:54","date_gmt":"2024-06-04T18:44:54","guid":{"rendered":"https:\/\/ambienteprovisorio.com.br\/centrodeimagens\/?page_id=11"},"modified":"2024-09-24T18:50:21","modified_gmt":"2024-09-24T18:50:21","slug":"corpo-clinico","status":"publish","type":"page","link":"https:\/\/cintilografiamanaus.com.br\/index.php\/corpo-clinico\/","title":{"rendered":"Corpo Cl\u00ednico"},"content":{"rendered":"\t\t<div data-elementor-type=\"wp-page\" data-elementor-id=\"11\" class=\"elementor elementor-11\" data-elementor-post-type=\"page\">\n\t\t\t\t<div class=\"elementor-element elementor-element-570f2305 e-con-full e-flex e-con e-parent\" data-id=\"570f2305\" data-element_type=\"container\" data-e-type=\"container\">\n\t\t<div class=\"elementor-element elementor-element-2034873b e-con-full e-flex e-con e-child\" data-id=\"2034873b\" data-element_type=\"container\" data-e-type=\"container\">\n\t\t<div class=\"elementor-element elementor-element-52cb369 e-con-full e-flex e-con e-child\" data-id=\"52cb369\" data-element_type=\"container\" data-e-type=\"container\">\n\t\t\t\t<div class=\"elementor-element elementor-element-413c2b50 elementor-invisible elementor-widget elementor-widget-heading\" data-id=\"413c2b50\" data-element_type=\"widget\" data-e-type=\"widget\" data-settings=\"{&quot;_animation&quot;:&quot;fadeInUp&quot;}\" data-widget_type=\"heading.default\">\n\t\t\t\t<div class=\"elementor-widget-container\">\n\t\t\t\t\t<h2 class=\"elementor-heading-title elementor-size-default\">Corpo Cl\u00ednico<\/h2>\t\t\t\t<\/div>\n\t\t\t\t<\/div>\n\t\t\t\t<div class=\"elementor-element elementor-element-19e5ebd1 elementor-widget elementor-widget-heading\" data-id=\"19e5ebd1\" data-element_type=\"widget\" data-e-type=\"widget\" data-widget_type=\"heading.default\">\n\t\t\t\t<div class=\"elementor-widget-container\">\n\t\t\t\t\t<h1 class=\"elementor-heading-title elementor-size-default\">Conhe\u00e7a nossa equipe<\/h1>\t\t\t\t<\/div>\n\t\t\t\t<\/div>\n\t\t\t\t<\/div>\n\t\t<div class=\"elementor-element elementor-element-53aef2e9 e-con-full e-flex e-con e-child\" data-id=\"53aef2e9\" data-element_type=\"container\" data-e-type=\"container\">\n\t\t\t\t<\/div>\n\t\t\t\t<\/div>\n\t\t<div class=\"elementor-element elementor-element-1e8bbb20 e-con-full e-flex e-con e-child\" data-id=\"1e8bbb20\" data-element_type=\"container\" data-e-type=\"container\">\n\t\t<div class=\"elementor-element elementor-element-b0a0bb9 e-flex e-con-boxed e-con e-child\" data-id=\"b0a0bb9\" data-element_type=\"container\" data-e-type=\"container\">\n\t\t\t\t\t<div class=\"e-con-inner\">\n\t\t\t\t<div class=\"elementor-element elementor-element-61792e17 elementor-cta--skin-cover elementor-cta--valign-bottom elementor-widget__width-inherit elementor-widget-tablet__width-initial elementor-widget-mobile__width-inherit elementor-animated-content elementor-bg-transform elementor-bg-transform-zoom-in elementor-widget elementor-widget-call-to-action\" data-id=\"61792e17\" data-element_type=\"widget\" data-e-type=\"widget\" data-widget_type=\"call-to-action.default\">\n\t\t\t\t<div class=\"elementor-widget-container\">\n\t\t\t\t\t\t\t<div class=\"elementor-cta\">\n\t\t\t\t\t<div class=\"elementor-cta__bg-wrapper\">\n\t\t\t\t<div class=\"elementor-cta__bg elementor-bg\" style=\"background-image: url(https:\/\/cintilografiamanaus.com.br\/wp-content\/uploads\/2024\/06\/perfil-drmattos1-2.jpg);\" role=\"img\" aria-label=\"perfil-drmattos1 2\"><\/div>\n\t\t\t\t<div class=\"elementor-cta__bg-overlay\"><\/div>\n\t\t\t<\/div>\n\t\t\t\t\t\t\t<div class=\"elementor-cta__content\">\n\t\t\t\t\n\t\t\t\t\t\t\t\t\t<h2 class=\"elementor-cta__title elementor-cta__content-item elementor-content-item elementor-animated-item--grow\">\n\t\t\t\t\t\tDr. Fernando Mattos\t\t\t\t\t<\/h2>\n\t\t\t\t\n\t\t\t\t\t\t\t\t\t<div class=\"elementor-cta__description elementor-cta__content-item elementor-content-item elementor-animated-item--grow\">\n\t\t\t\t\t\tMedicina Nuclear\t\t\t\t\t<\/div>\n\t\t\t\t\n\t\t\t\t\t\t\t<\/div>\n\t\t\t\t\t\t<\/div>\n\t\t\t\t\t\t<\/div>\n\t\t\t\t<\/div>\n\t\t\t\t<div class=\"elementor-element elementor-element-1d9e30b elementor-widget elementor-widget-n-accordion\" data-id=\"1d9e30b\" data-element_type=\"widget\" data-e-type=\"widget\" data-settings=\"{&quot;default_state&quot;:&quot;expanded&quot;,&quot;max_items_expended&quot;:&quot;one&quot;,&quot;n_accordion_animation_duration&quot;:{&quot;unit&quot;:&quot;ms&quot;,&quot;size&quot;:400,&quot;sizes&quot;:[]}}\" data-widget_type=\"nested-accordion.default\">\n\t\t\t\t<div class=\"elementor-widget-container\">\n\t\t\t\t\t\t\t<div class=\"e-n-accordion\" aria-label=\"Accordion. Open links with Enter or Space, close with Escape, and navigate with Arrow Keys\">\n\t\t\t\t\t\t<details id=\"e-n-accordion-item-3100\" class=\"e-n-accordion-item\" open>\n\t\t\t\t<summary class=\"e-n-accordion-item-title\" data-accordion-index=\"1\" tabindex=\"0\" aria-expanded=\"true\" aria-controls=\"e-n-accordion-item-3100\" >\n\t\t\t\t\t<span class='e-n-accordion-item-title-header'><div class=\"e-n-accordion-item-title-text\"> Saiba mais <\/div><\/span>\n\t\t\t\t\t\t\t<span class='e-n-accordion-item-title-icon'>\n\t\t\t<span class='e-opened' ><svg aria-hidden=\"true\" class=\"e-font-icon-svg e-fas-minus\" viewBox=\"0 0 448 512\" xmlns=\"http:\/\/www.w3.org\/2000\/svg\"><path d=\"M416 208H32c-17.67 0-32 14.33-32 32v32c0 17.67 14.33 32 32 32h384c17.67 0 32-14.33 32-32v-32c0-17.67-14.33-32-32-32z\"><\/path><\/svg><\/span>\n\t\t\t<span class='e-closed'><svg aria-hidden=\"true\" class=\"e-font-icon-svg e-fas-plus\" viewBox=\"0 0 448 512\" xmlns=\"http:\/\/www.w3.org\/2000\/svg\"><path d=\"M416 208H272V64c0-17.67-14.33-32-32-32h-32c-17.67 0-32 14.33-32 32v144H32c-17.67 0-32 14.33-32 32v32c0 17.67 14.33 32 32 32h144v144c0 17.67 14.33 32 32 32h32c17.67 0 32-14.33 32-32V304h144c17.67 0 32-14.33 32-32v-32c0-17.67-14.33-32-32-32z\"><\/path><\/svg><\/span>\n\t\t<\/span>\n\n\t\t\t\t\t\t<\/summary>\n\t\t\t\t<div role=\"region\" aria-labelledby=\"e-n-accordion-item-3100\" class=\"elementor-element elementor-element-1ac43c4 e-con-full e-flex e-con e-child\" data-id=\"1ac43c4\" data-element_type=\"container\" data-e-type=\"container\">\n\t\t\t\t<div class=\"elementor-element elementor-element-0f128b2 elementor-widget elementor-widget-text-editor\" data-id=\"0f128b2\" data-element_type=\"widget\" data-e-type=\"widget\" data-widget_type=\"text-editor.default\">\n\t\t\t\t<div class=\"elementor-widget-container\">\n\t\t\t\t\t\t\t\t\t<p>Me chamo Fernando Mattos, estou na Medicina Nuclear h\u00e1 40 anos, fa\u00e7o parte do grupo CIA Amazonas. Fomos os primeiros m\u00e9dicos nuclear em Manaus, na \u00e9poca com muita dificuldade, mas mesmo assim fizemos que a medicina nuclear se tornasse uma realidade no nosso Estado, hoje temos outros m\u00e9dicos trilhando esse mesmo passo como o Dr Marcelo Sevilla que faz parte da nossa equipe e vai levar avante nosso grande projeto profissional.<\/p>\t\t\t\t\t\t\t\t<\/div>\n\t\t\t\t<\/div>\n\t\t\t\t<\/div>\n\t\t\t\t\t<\/details>\n\t\t\t\t\t<\/div>\n\t\t\t\t\t\t<\/div>\n\t\t\t\t<\/div>\n\t\t\t\t\t<\/div>\n\t\t\t\t<\/div>\n\t\t<div class=\"elementor-element elementor-element-c0eb814 e-flex e-con-boxed e-con e-child\" data-id=\"c0eb814\" data-element_type=\"container\" data-e-type=\"container\">\n\t\t\t\t\t<div class=\"e-con-inner\">\n\t\t\t\t<div class=\"elementor-element elementor-element-4fb3189a elementor-cta--skin-cover elementor-cta--valign-bottom elementor-widget__width-inherit elementor-widget-tablet__width-initial elementor-widget-mobile__width-inherit elementor-animated-content elementor-bg-transform elementor-bg-transform-zoom-in elementor-widget elementor-widget-call-to-action\" data-id=\"4fb3189a\" data-element_type=\"widget\" data-e-type=\"widget\" data-widget_type=\"call-to-action.default\">\n\t\t\t\t<div class=\"elementor-widget-container\">\n\t\t\t\t\t\t\t<div class=\"elementor-cta\">\n\t\t\t\t\t<div class=\"elementor-cta__bg-wrapper\">\n\t\t\t\t<div class=\"elementor-cta__bg elementor-bg\" style=\"background-image: url(https:\/\/cintilografiamanaus.com.br\/wp-content\/uploads\/2024\/06\/perfil-drmarcelo-2.jpg);\" role=\"img\" aria-label=\"perfil-drmarcelo 2\"><\/div>\n\t\t\t\t<div class=\"elementor-cta__bg-overlay\"><\/div>\n\t\t\t<\/div>\n\t\t\t\t\t\t\t<div class=\"elementor-cta__content\">\n\t\t\t\t\n\t\t\t\t\t\t\t\t\t<h2 class=\"elementor-cta__title elementor-cta__content-item elementor-content-item elementor-animated-item--grow\">\n\t\t\t\t\t\tDr. Marcelo Sevilla\t\t\t\t\t<\/h2>\n\t\t\t\t\n\t\t\t\t\t\t\t\t\t<div class=\"elementor-cta__description elementor-cta__content-item elementor-content-item elementor-animated-item--grow\">\n\t\t\t\t\t\tMedicina Nuclear\t\t\t\t\t<\/div>\n\t\t\t\t\n\t\t\t\t\t\t\t<\/div>\n\t\t\t\t\t\t<\/div>\n\t\t\t\t\t\t<\/div>\n\t\t\t\t<\/div>\n\t\t\t\t<div class=\"elementor-element elementor-element-25812be elementor-widget elementor-widget-n-accordion\" data-id=\"25812be\" data-element_type=\"widget\" data-e-type=\"widget\" data-settings=\"{&quot;default_state&quot;:&quot;expanded&quot;,&quot;max_items_expended&quot;:&quot;one&quot;,&quot;n_accordion_animation_duration&quot;:{&quot;unit&quot;:&quot;ms&quot;,&quot;size&quot;:400,&quot;sizes&quot;:[]}}\" data-widget_type=\"nested-accordion.default\">\n\t\t\t\t<div class=\"elementor-widget-container\">\n\t\t\t\t\t\t\t<div class=\"e-n-accordion\" aria-label=\"Accordion. Open links with Enter or Space, close with Escape, and navigate with Arrow Keys\">\n\t\t\t\t\t\t<details id=\"e-n-accordion-item-3930\" class=\"e-n-accordion-item\" open>\n\t\t\t\t<summary class=\"e-n-accordion-item-title\" data-accordion-index=\"1\" tabindex=\"0\" aria-expanded=\"true\" aria-controls=\"e-n-accordion-item-3930\" >\n\t\t\t\t\t<span class='e-n-accordion-item-title-header'><div class=\"e-n-accordion-item-title-text\"> Saiba mais <\/div><\/span>\n\t\t\t\t\t\t\t<span class='e-n-accordion-item-title-icon'>\n\t\t\t<span class='e-opened' ><svg aria-hidden=\"true\" class=\"e-font-icon-svg e-fas-minus\" viewBox=\"0 0 448 512\" xmlns=\"http:\/\/www.w3.org\/2000\/svg\"><path d=\"M416 208H32c-17.67 0-32 14.33-32 32v32c0 17.67 14.33 32 32 32h384c17.67 0 32-14.33 32-32v-32c0-17.67-14.33-32-32-32z\"><\/path><\/svg><\/span>\n\t\t\t<span class='e-closed'><svg aria-hidden=\"true\" class=\"e-font-icon-svg e-fas-plus\" viewBox=\"0 0 448 512\" xmlns=\"http:\/\/www.w3.org\/2000\/svg\"><path d=\"M416 208H272V64c0-17.67-14.33-32-32-32h-32c-17.67 0-32 14.33-32 32v144H32c-17.67 0-32 14.33-32 32v32c0 17.67 14.33 32 32 32h144v144c0 17.67 14.33 32 32 32h32c17.67 0 32-14.33 32-32V304h144c17.67 0 32-14.33 32-32v-32c0-17.67-14.33-32-32-32z\"><\/path><\/svg><\/span>\n\t\t<\/span>\n\n\t\t\t\t\t\t<\/summary>\n\t\t\t\t<div role=\"region\" aria-labelledby=\"e-n-accordion-item-3930\" class=\"elementor-element elementor-element-50ec851 e-con-full e-flex e-con e-child\" data-id=\"50ec851\" data-element_type=\"container\" data-e-type=\"container\">\n\t\t\t\t<div class=\"elementor-element elementor-element-4d17d07 elementor-widget elementor-widget-text-editor\" data-id=\"4d17d07\" data-element_type=\"widget\" data-e-type=\"widget\" data-widget_type=\"text-editor.default\">\n\t\t\t\t<div class=\"elementor-widget-container\">\n\t\t\t\t\t\t\t\t\t<p>Me chamo Dr. Marcelo Sevilla, ingressei na resid\u00eancia em medicina nuclear no ano de 2011, retornando para Manaus logo ap\u00f3s o t\u00e9rmino da mesma. Atuando na cl\u00ednica CIA desde 2014 at\u00e9 os dias atuais.<\/p>\t\t\t\t\t\t\t\t<\/div>\n\t\t\t\t<\/div>\n\t\t\t\t<\/div>\n\t\t\t\t\t<\/details>\n\t\t\t\t\t<\/div>\n\t\t\t\t\t\t<\/div>\n\t\t\t\t<\/div>\n\t\t\t\t\t<\/div>\n\t\t\t\t<\/div>\n\t\t\t\t<\/div>\n\t\t\t\t<\/div>\n\t\t\t\t<\/div>\n\t\t","protected":false},"excerpt":{"rendered":"<p>Corpo Cl\u00ednico Conhe\u00e7a nossa equipe Dr. Fernando Mattos Medicina Nuclear Saiba mais Me chamo Fernando Mattos, estou na Medicina Nuclear h\u00e1 40 anos, fa\u00e7o parte do grupo CIA Amazonas. Fomos os primeiros m\u00e9dicos nuclear em Manaus, na \u00e9poca com muita dificuldade, mas mesmo assim fizemos que a medicina nuclear se tornasse uma realidade no nosso [&hellip;]<\/p>\n","protected":false},"author":1,"featured_media":0,"parent":0,"menu_order":0,"comment_status":"closed","ping_status":"closed","template":"elementor_header_footer","meta":{"footnotes":""},"class_list":["post-11","page","type-page","status-publish","hentry"],"yoast_head":"<!-- This site is optimized with the Yoast SEO plugin v27.4 - https:\/\/yoast.com\/product\/yoast-seo-wordpress\/ -->\n<title>Corpo Cl\u00ednico - Centro de Imagens do Amazonas LTDA<\/title>\n<meta name=\"robots\" content=\"index, follow, max-snippet:-1, max-image-preview:large, max-video-preview:-1\" \/>\n<link rel=\"canonical\" href=\"https:\/\/cintilografiamanaus.com.br\/index.php\/corpo-clinico\/\" \/>\n<meta property=\"og:locale\" content=\"pt_BR\" \/>\n<meta property=\"og:type\" content=\"article\" \/>\n<meta property=\"og:title\" content=\"Corpo Cl\u00ednico - Centro de Imagens do Amazonas LTDA\" \/>\n<meta property=\"og:description\" content=\"Corpo Cl\u00ednico Conhe\u00e7a nossa equipe Dr. Fernando Mattos Medicina Nuclear Saiba mais Me chamo Fernando Mattos, estou na Medicina Nuclear h\u00e1 40 anos, fa\u00e7o parte do grupo CIA Amazonas. Fomos os primeiros m\u00e9dicos nuclear em Manaus, na \u00e9poca com muita dificuldade, mas mesmo assim fizemos que a medicina nuclear se tornasse uma realidade no nosso [&hellip;]\" \/>\n<meta property=\"og:url\" content=\"https:\/\/cintilografiamanaus.com.br\/index.php\/corpo-clinico\/\" \/>\n<meta property=\"og:site_name\" content=\"Centro de Imagens do Amazonas LTDA\" \/>\n<meta property=\"article:modified_time\" content=\"2024-09-24T18:50:21+00:00\" \/>\n<meta name=\"twitter:card\" content=\"summary_large_image\" \/>\n<meta name=\"twitter:label1\" content=\"Est. tempo de leitura\" \/>\n\t<meta name=\"twitter:data1\" content=\"2 minutos\" \/>\n<script type=\"application\/ld+json\" class=\"yoast-schema-graph\">{\"@context\":\"https:\\\/\\\/schema.org\",\"@graph\":[{\"@type\":\"WebPage\",\"@id\":\"https:\\\/\\\/cintilografiamanaus.com.br\\\/index.php\\\/corpo-clinico\\\/\",\"url\":\"https:\\\/\\\/cintilografiamanaus.com.br\\\/index.php\\\/corpo-clinico\\\/\",\"name\":\"Corpo Cl\u00ednico - Centro de Imagens do Amazonas LTDA\",\"isPartOf\":{\"@id\":\"https:\\\/\\\/cintilografiamanaus.com.br\\\/#website\"},\"datePublished\":\"2024-06-04T18:44:54+00:00\",\"dateModified\":\"2024-09-24T18:50:21+00:00\",\"breadcrumb\":{\"@id\":\"https:\\\/\\\/cintilografiamanaus.com.br\\\/index.php\\\/corpo-clinico\\\/#breadcrumb\"},\"inLanguage\":\"pt-BR\",\"potentialAction\":[{\"@type\":\"ReadAction\",\"target\":[\"https:\\\/\\\/cintilografiamanaus.com.br\\\/index.php\\\/corpo-clinico\\\/\"]}]},{\"@type\":\"BreadcrumbList\",\"@id\":\"https:\\\/\\\/cintilografiamanaus.com.br\\\/index.php\\\/corpo-clinico\\\/#breadcrumb\",\"itemListElement\":[{\"@type\":\"ListItem\",\"position\":1,\"name\":\"In\u00edcio\",\"item\":\"https:\\\/\\\/cintilografiamanaus.com.br\\\/\"},{\"@type\":\"ListItem\",\"position\":2,\"name\":\"Corpo Cl\u00ednico\"}]},{\"@type\":\"WebSite\",\"@id\":\"https:\\\/\\\/cintilografiamanaus.com.br\\\/#website\",\"url\":\"https:\\\/\\\/cintilografiamanaus.com.br\\\/\",\"name\":\"Centro de Imagens do Amazonas LTDA\",\"description\":\"\",\"publisher\":{\"@id\":\"https:\\\/\\\/cintilografiamanaus.com.br\\\/#organization\"},\"potentialAction\":[{\"@type\":\"SearchAction\",\"target\":{\"@type\":\"EntryPoint\",\"urlTemplate\":\"https:\\\/\\\/cintilografiamanaus.com.br\\\/?s={search_term_string}\"},\"query-input\":{\"@type\":\"PropertyValueSpecification\",\"valueRequired\":true,\"valueName\":\"search_term_string\"}}],\"inLanguage\":\"pt-BR\"},{\"@type\":\"Organization\",\"@id\":\"https:\\\/\\\/cintilografiamanaus.com.br\\\/#organization\",\"name\":\"Centro de Imagens do Amazonas LTDA\",\"url\":\"https:\\\/\\\/cintilografiamanaus.com.br\\\/\",\"logo\":{\"@type\":\"ImageObject\",\"inLanguage\":\"pt-BR\",\"@id\":\"https:\\\/\\\/cintilografiamanaus.com.br\\\/#\\\/schema\\\/logo\\\/image\\\/\",\"url\":\"https:\\\/\\\/cintilografiamanaus.com.br\\\/wp-content\\\/uploads\\\/2024\\\/06\\\/CIA-Logo-horizontal@3.png\",\"contentUrl\":\"https:\\\/\\\/cintilografiamanaus.com.br\\\/wp-content\\\/uploads\\\/2024\\\/06\\\/CIA-Logo-horizontal@3.png\",\"width\":1280,\"height\":481,\"caption\":\"Centro de Imagens do Amazonas LTDA\"},\"image\":{\"@id\":\"https:\\\/\\\/cintilografiamanaus.com.br\\\/#\\\/schema\\\/logo\\\/image\\\/\"}}]}<\/script>\n<!-- \/ Yoast SEO plugin. -->","yoast_head_json":{"title":"Corpo Cl\u00ednico - Centro de Imagens do Amazonas LTDA","robots":{"index":"index","follow":"follow","max-snippet":"max-snippet:-1","max-image-preview":"max-image-preview:large","max-video-preview":"max-video-preview:-1"},"canonical":"https:\/\/cintilografiamanaus.com.br\/index.php\/corpo-clinico\/","og_locale":"pt_BR","og_type":"article","og_title":"Corpo Cl\u00ednico - Centro de Imagens do Amazonas LTDA","og_description":"Corpo Cl\u00ednico Conhe\u00e7a nossa equipe Dr. Fernando Mattos Medicina Nuclear Saiba mais Me chamo Fernando Mattos, estou na Medicina Nuclear h\u00e1 40 anos, fa\u00e7o parte do grupo CIA Amazonas. Fomos os primeiros m\u00e9dicos nuclear em Manaus, na \u00e9poca com muita dificuldade, mas mesmo assim fizemos que a medicina nuclear se tornasse uma realidade no nosso [&hellip;]","og_url":"https:\/\/cintilografiamanaus.com.br\/index.php\/corpo-clinico\/","og_site_name":"Centro de Imagens do Amazonas LTDA","article_modified_time":"2024-09-24T18:50:21+00:00","twitter_card":"summary_large_image","twitter_misc":{"Est. tempo de leitura":"2 minutos"},"schema":{"@context":"https:\/\/schema.org","@graph":[{"@type":"WebPage","@id":"https:\/\/cintilografiamanaus.com.br\/index.php\/corpo-clinico\/","url":"https:\/\/cintilografiamanaus.com.br\/index.php\/corpo-clinico\/","name":"Corpo Cl\u00ednico - Centro de Imagens do Amazonas LTDA","isPartOf":{"@id":"https:\/\/cintilografiamanaus.com.br\/#website"},"datePublished":"2024-06-04T18:44:54+00:00","dateModified":"2024-09-24T18:50:21+00:00","breadcrumb":{"@id":"https:\/\/cintilografiamanaus.com.br\/index.php\/corpo-clinico\/#breadcrumb"},"inLanguage":"pt-BR","potentialAction":[{"@type":"ReadAction","target":["https:\/\/cintilografiamanaus.com.br\/index.php\/corpo-clinico\/"]}]},{"@type":"BreadcrumbList","@id":"https:\/\/cintilografiamanaus.com.br\/index.php\/corpo-clinico\/#breadcrumb","itemListElement":[{"@type":"ListItem","position":1,"name":"In\u00edcio","item":"https:\/\/cintilografiamanaus.com.br\/"},{"@type":"ListItem","position":2,"name":"Corpo Cl\u00ednico"}]},{"@type":"WebSite","@id":"https:\/\/cintilografiamanaus.com.br\/#website","url":"https:\/\/cintilografiamanaus.com.br\/","name":"Centro de Imagens do Amazonas LTDA","description":"","publisher":{"@id":"https:\/\/cintilografiamanaus.com.br\/#organization"},"potentialAction":[{"@type":"SearchAction","target":{"@type":"EntryPoint","urlTemplate":"https:\/\/cintilografiamanaus.com.br\/?s={search_term_string}"},"query-input":{"@type":"PropertyValueSpecification","valueRequired":true,"valueName":"search_term_string"}}],"inLanguage":"pt-BR"},{"@type":"Organization","@id":"https:\/\/cintilografiamanaus.com.br\/#organization","name":"Centro de Imagens do Amazonas LTDA","url":"https:\/\/cintilografiamanaus.com.br\/","logo":{"@type":"ImageObject","inLanguage":"pt-BR","@id":"https:\/\/cintilografiamanaus.com.br\/#\/schema\/logo\/image\/","url":"https:\/\/cintilografiamanaus.com.br\/wp-content\/uploads\/2024\/06\/CIA-Logo-horizontal@3.png","contentUrl":"https:\/\/cintilografiamanaus.com.br\/wp-content\/uploads\/2024\/06\/CIA-Logo-horizontal@3.png","width":1280,"height":481,"caption":"Centro de Imagens do Amazonas LTDA"},"image":{"@id":"https:\/\/cintilografiamanaus.com.br\/#\/schema\/logo\/image\/"}}]}},"_links":{"self":[{"href":"https:\/\/cintilografiamanaus.com.br\/index.php\/wp-json\/wp\/v2\/pages\/11","targetHints":{"allow":["GET"]}}],"collection":[{"href":"https:\/\/cintilografiamanaus.com.br\/index.php\/wp-json\/wp\/v2\/pages"}],"about":[{"href":"https:\/\/cintilografiamanaus.com.br\/index.php\/wp-json\/wp\/v2\/types\/page"}],"author":[{"embeddable":true,"href":"https:\/\/cintilografiamanaus.com.br\/index.php\/wp-json\/wp\/v2\/users\/1"}],"replies":[{"embeddable":true,"href":"https:\/\/cintilografiamanaus.com.br\/index.php\/wp-json\/wp\/v2\/comments?post=11"}],"version-history":[{"count":0,"href":"https:\/\/cintilografiamanaus.com.br\/index.php\/wp-json\/wp\/v2\/pages\/11\/revisions"}],"wp:attachment":[{"href":"https:\/\/cintilografiamanaus.com.br\/index.php\/wp-json\/wp\/v2\/media?parent=11"}],"curies":[{"name":"wp","href":"https:\/\/api.w.org\/{rel}","templated":true}]}}