{"id":10,"date":"2024-06-04T18:43:41","date_gmt":"2024-06-04T18:43:41","guid":{"rendered":"https:\/\/ambienteprovisorio.com.br\/centrodeimagens\/?page_id=10"},"modified":"2024-06-12T20:43:57","modified_gmt":"2024-06-12T20:43:57","slug":"sobre-nos","status":"publish","type":"page","link":"https:\/\/cintilografiamanaus.com.br\/index.php\/sobre-nos\/","title":{"rendered":"Sobre n\u00f3s"},"content":{"rendered":"\t\t<div data-elementor-type=\"wp-page\" data-elementor-id=\"10\" class=\"elementor elementor-10\" data-elementor-post-type=\"page\">\n\t\t\t\t<div class=\"elementor-element elementor-element-c6e8c1e e-con-full e-flex e-con e-parent\" data-id=\"c6e8c1e\" data-element_type=\"container\" data-e-type=\"container\">\n\t\t\t\t<div class=\"elementor-element elementor-element-17371ad elementor-widget__width-initial elementor-widget elementor-widget-heading\" data-id=\"17371ad\" data-element_type=\"widget\" data-e-type=\"widget\" data-widget_type=\"heading.default\">\n\t\t\t\t<div class=\"elementor-widget-container\">\n\t\t\t\t\t<h1 class=\"elementor-heading-title elementor-size-default\">Um espa\u00e7o \u00fanico<br> em Manaus<\/h1>\t\t\t\t<\/div>\n\t\t\t\t<\/div>\n\t\t\t\t<div class=\"elementor-element elementor-element-7927e2f elementor-widget__width-initial elementor-widget elementor-widget-text-editor\" data-id=\"7927e2f\" data-element_type=\"widget\" data-e-type=\"widget\" data-widget_type=\"text-editor.default\">\n\t\t\t\t<div class=\"elementor-widget-container\">\n\t\t\t\t\t\t\t\t\t<p>Para atender seus exames com qualidade e responsabilidade<\/p>\t\t\t\t\t\t\t\t<\/div>\n\t\t\t\t<\/div>\n\t\t\t\t<\/div>\n\t\t<div class=\"elementor-element elementor-element-c29d198 e-con-full e-flex e-con e-parent\" data-id=\"c29d198\" data-element_type=\"container\" data-e-type=\"container\">\n\t\t<div class=\"elementor-element elementor-element-18c1ff5 e-con-full e-flex e-con e-child\" data-id=\"18c1ff5\" data-element_type=\"container\" data-e-type=\"container\">\n\t\t\t\t<div class=\"elementor-element elementor-element-41a1820 elementor-invisible elementor-widget elementor-widget-heading\" data-id=\"41a1820\" data-element_type=\"widget\" data-e-type=\"widget\" data-settings=\"{&quot;_animation&quot;:&quot;fadeInUp&quot;}\" data-widget_type=\"heading.default\">\n\t\t\t\t<div class=\"elementor-widget-container\">\n\t\t\t\t\t<h2 class=\"elementor-heading-title elementor-size-default\">Quem somos<\/h2>\t\t\t\t<\/div>\n\t\t\t\t<\/div>\n\t\t\t\t<div class=\"elementor-element elementor-element-668e047 elementor-widget elementor-widget-heading\" data-id=\"668e047\" data-element_type=\"widget\" data-e-type=\"widget\" data-widget_type=\"heading.default\">\n\t\t\t\t<div class=\"elementor-widget-container\">\n\t\t\t\t\t<h2 class=\"elementor-heading-title elementor-size-default\">Somos uma cl\u00ednica especializada em imagem nuclear<\/h2>\t\t\t\t<\/div>\n\t\t\t\t<\/div>\n\t\t\t\t<\/div>\n\t\t<div class=\"elementor-element elementor-element-b8111fc e-con-full e-flex e-con e-child\" data-id=\"b8111fc\" data-element_type=\"container\" data-e-type=\"container\">\n\t\t\t\t<div class=\"elementor-element elementor-element-480e4de elementor-widget elementor-widget-text-editor\" data-id=\"480e4de\" data-element_type=\"widget\" data-e-type=\"widget\" data-widget_type=\"text-editor.default\">\n\t\t\t\t<div class=\"elementor-widget-container\">\n\t\t\t\t\t\t\t\t\t<p>A <strong>CIA &#8211; Centro de Imagem do Amazonas<\/strong>, come\u00e7ou suas opera\u00e7\u00f5es em 2006. Atuamos com tradi\u00e7\u00e3o e precis\u00e3o diagn\u00f3stica. Somos uma Cl\u00ednica especializada em imagem nuclear, que realiza exames com alta qualidade usando aparelhos tecnol\u00f3gicos, e busca entregar resultados com qualidade.<\/p>\n<p><br \/>Oferecemos servi\u00e7os de tratamento e diagn\u00f3stico por imagem atrav\u00e9s da medicina nuclear como quarto terap\u00eautico para iodo terapia, tratamento com r\u00e1dio &#8211; 223, exames como cintilografia (todas elas principalmente mioc\u00e1rdio, \u00f3ssea, tireoide, d\u00e1crio, etc), densitometria \u00f3ssea, em breve ultrassonografia.<\/p>\n<p>Atendemos os principais planos de sa\u00fade do Brasil.<\/p>\t\t\t\t\t\t\t\t<\/div>\n\t\t\t\t<\/div>\n\t\t\t\t<\/div>\n\t\t\t\t<\/div>\n\t\t<div class=\"elementor-element elementor-element-9da298f e-con-full e-flex e-con e-parent\" data-id=\"9da298f\" data-element_type=\"container\" data-e-type=\"container\" data-settings=\"{&quot;background_background&quot;:&quot;classic&quot;}\">\n\t\t<div class=\"elementor-element elementor-element-9efaf4d e-flex e-con-boxed e-con e-child\" data-id=\"9efaf4d\" data-element_type=\"container\" data-e-type=\"container\">\n\t\t\t\t\t<div class=\"e-con-inner\">\n\t\t\t\t<div class=\"elementor-element elementor-element-f5ac535 elementor-invisible elementor-widget elementor-widget-heading\" data-id=\"f5ac535\" data-element_type=\"widget\" data-e-type=\"widget\" data-settings=\"{&quot;_animation&quot;:&quot;fadeInUp&quot;}\" data-widget_type=\"heading.default\">\n\t\t\t\t<div class=\"elementor-widget-container\">\n\t\t\t\t\t<h2 class=\"elementor-heading-title elementor-size-default\">Nosso DNA<\/h2>\t\t\t\t<\/div>\n\t\t\t\t<\/div>\n\t\t\t\t<div class=\"elementor-element elementor-element-e4e9c44 elementor-widget elementor-widget-heading\" data-id=\"e4e9c44\" data-element_type=\"widget\" data-e-type=\"widget\" data-widget_type=\"heading.default\">\n\t\t\t\t<div class=\"elementor-widget-container\">\n\t\t\t\t\t<h2 class=\"elementor-heading-title elementor-size-default\">Conhe\u00e7a nossos pilares<\/h2>\t\t\t\t<\/div>\n\t\t\t\t<\/div>\n\t\t\t\t\t<\/div>\n\t\t\t\t<\/div>\n\t\t<div class=\"elementor-element elementor-element-09606c4 e-flex e-con-boxed e-con e-child\" data-id=\"09606c4\" data-element_type=\"container\" data-e-type=\"container\">\n\t\t\t\t\t<div class=\"e-con-inner\">\n\t\t\t\t<div class=\"elementor-element elementor-element-a28409e elementor-view-stacked elementor-position-inline-start elementor-shape-circle elementor-mobile-position-block-start elementor-widget elementor-widget-icon-box\" data-id=\"a28409e\" data-element_type=\"widget\" data-e-type=\"widget\" data-widget_type=\"icon-box.default\">\n\t\t\t\t<div class=\"elementor-widget-container\">\n\t\t\t\t\t\t\t<div class=\"elementor-icon-box-wrapper\">\n\n\t\t\t\t\t\t<div class=\"elementor-icon-box-icon\">\n\t\t\t\t<span  class=\"elementor-icon\">\n\t\t\t\t<svg xmlns=\"http:\/\/www.w3.org\/2000\/svg\" width=\"96\" height=\"96\" fill=\"#00684a\" viewBox=\"0 0 256 256\"><path d=\"M176,128a48,48,0,1,1-48-48A48,48,0,0,1,176,128Z\" opacity=\"0.2\"><\/path><path d=\"M221.87,83.16A104.1,104.1,0,1,1,195.67,49l22.67-22.68a8,8,0,0,1,11.32,11.32l-96,96a8,8,0,0,1-11.32-11.32l27.72-27.72a40,40,0,1,0,17.87,31.09,8,8,0,1,1,16-.9,56,56,0,1,1-22.38-41.65L184.3,60.39a87.88,87.88,0,1,0,23.13,29.67,8,8,0,0,1,14.44-6.9Z\"><\/path><\/svg>\t\t\t\t<\/span>\n\t\t\t<\/div>\n\t\t\t\n\t\t\t\t\t\t<div class=\"elementor-icon-box-content\">\n\n\t\t\t\t\t\t\t\t\t<h3 class=\"elementor-icon-box-title\">\n\t\t\t\t\t\t<span  >\n\t\t\t\t\t\t\tMiss\u00e3o\t\t\t\t\t\t<\/span>\n\t\t\t\t\t<\/h3>\n\t\t\t\t\n\t\t\t\t\t\t\t\t\t<p class=\"elementor-icon-box-description\">\n\t\t\t\t\t\tOferecer medicina diagn\u00f3stica aos pacientes e parceiros, garantindo acolhimento, assist\u00eancia, seguran\u00e7as e resultados confi\u00e1veis.\t\t\t\t\t<\/p>\n\t\t\t\t\n\t\t\t<\/div>\n\t\t\t\n\t\t<\/div>\n\t\t\t\t\t\t<\/div>\n\t\t\t\t<\/div>\n\t\t\t\t\t<\/div>\n\t\t\t\t<\/div>\n\t\t<div class=\"elementor-element elementor-element-d5452b9 e-flex e-con-boxed e-con e-child\" data-id=\"d5452b9\" data-element_type=\"container\" data-e-type=\"container\">\n\t\t\t\t\t<div class=\"e-con-inner\">\n\t\t\t\t<div class=\"elementor-element elementor-element-6f6cdc9 elementor-view-stacked elementor-position-inline-start elementor-shape-circle elementor-mobile-position-block-start elementor-widget elementor-widget-icon-box\" data-id=\"6f6cdc9\" data-element_type=\"widget\" data-e-type=\"widget\" data-widget_type=\"icon-box.default\">\n\t\t\t\t<div class=\"elementor-widget-container\">\n\t\t\t\t\t\t\t<div class=\"elementor-icon-box-wrapper\">\n\n\t\t\t\t\t\t<div class=\"elementor-icon-box-icon\">\n\t\t\t\t<span  class=\"elementor-icon\">\n\t\t\t\t<svg xmlns=\"http:\/\/www.w3.org\/2000\/svg\" width=\"96\" height=\"96\" fill=\"#00684a\" viewBox=\"0 0 256 256\"><path d=\"M128,56C48,56,16,128,16,128s32,72,112,72,112-72,112-72S208,56,128,56Zm0,112a40,40,0,1,1,40-40A40,40,0,0,1,128,168Z\" opacity=\"0.2\"><\/path><path d=\"M247.31,124.76c-.35-.79-8.82-19.58-27.65-38.41C194.57,61.26,162.88,48,128,48S61.43,61.26,36.34,86.35C17.51,105.18,9,124,8.69,124.76a8,8,0,0,0,0,6.5c.35.79,8.82,19.57,27.65,38.4C61.43,194.74,93.12,208,128,208s66.57-13.26,91.66-38.34c18.83-18.83,27.3-37.61,27.65-38.4A8,8,0,0,0,247.31,124.76ZM128,192c-30.78,0-57.67-11.19-79.93-33.25A133.47,133.47,0,0,1,25,128,133.33,133.33,0,0,1,48.07,97.25C70.33,75.19,97.22,64,128,64s57.67,11.19,79.93,33.25A133.46,133.46,0,0,1,231.05,128C223.84,141.46,192.43,192,128,192Zm0-112a48,48,0,1,0,48,48A48.05,48.05,0,0,0,128,80Zm0,80a32,32,0,1,1,32-32A32,32,0,0,1,128,160Z\"><\/path><\/svg>\t\t\t\t<\/span>\n\t\t\t<\/div>\n\t\t\t\n\t\t\t\t\t\t<div class=\"elementor-icon-box-content\">\n\n\t\t\t\t\t\t\t\t\t<h3 class=\"elementor-icon-box-title\">\n\t\t\t\t\t\t<span  >\n\t\t\t\t\t\t\tVis\u00e3o\t\t\t\t\t\t<\/span>\n\t\t\t\t\t<\/h3>\n\t\t\t\t\n\t\t\t\t\t\t\t\t\t<p class=\"elementor-icon-box-description\">\n\t\t\t\t\t\tSer reconhecida por todos, como uma cl\u00ednica em excel\u00eancia no atendimento e zelo com os pacientes.\t\t\t\t\t<\/p>\n\t\t\t\t\n\t\t\t<\/div>\n\t\t\t\n\t\t<\/div>\n\t\t\t\t\t\t<\/div>\n\t\t\t\t<\/div>\n\t\t\t\t\t<\/div>\n\t\t\t\t<\/div>\n\t\t<div class=\"elementor-element elementor-element-a813095 e-flex e-con-boxed e-con e-child\" data-id=\"a813095\" data-element_type=\"container\" data-e-type=\"container\">\n\t\t\t\t\t<div class=\"e-con-inner\">\n\t\t\t\t<div class=\"elementor-element elementor-element-d606a7f elementor-view-stacked elementor-position-inline-start elementor-shape-circle elementor-mobile-position-block-start elementor-widget elementor-widget-icon-box\" data-id=\"d606a7f\" data-element_type=\"widget\" data-e-type=\"widget\" data-widget_type=\"icon-box.default\">\n\t\t\t\t<div class=\"elementor-widget-container\">\n\t\t\t\t\t\t\t<div class=\"elementor-icon-box-wrapper\">\n\n\t\t\t\t\t\t<div class=\"elementor-icon-box-icon\">\n\t\t\t\t<span  class=\"elementor-icon\">\n\t\t\t\t<svg xmlns=\"http:\/\/www.w3.org\/2000\/svg\" width=\"96\" height=\"96\" fill=\"#00684a\" viewBox=\"0 0 256 256\"><path d=\"M128,104,88,64l40-40,40,40ZM88,192l40,40,40-40-40-40ZM192,88l-40,40,40,40,40-40ZM64,88,24,128l40,40,40-40Z\" opacity=\"0.2\"><\/path><path d=\"M122.34,109.66a8,8,0,0,0,11.32,0l40-40a8,8,0,0,0,0-11.32l-40-40a8,8,0,0,0-11.32,0l-40,40a8,8,0,0,0,0,11.32ZM128,35.31,156.69,64,128,92.69,99.31,64Zm5.66,111a8,8,0,0,0-11.32,0l-40,40a8,8,0,0,0,0,11.32l40,40a8,8,0,0,0,11.32,0l40-40a8,8,0,0,0,0-11.32ZM128,220.69,99.31,192,128,163.31,156.69,192Zm109.66-98.35-40-40a8,8,0,0,0-11.32,0l-40,40a8,8,0,0,0,0,11.32l40,40a8,8,0,0,0,11.32,0l40-40A8,8,0,0,0,237.66,122.34ZM192,156.69,163.31,128,192,99.31,220.69,128Zm-82.34-34.35-40-40a8,8,0,0,0-11.32,0l-40,40a8,8,0,0,0,0,11.32l40,40a8,8,0,0,0,11.32,0l40-40A8,8,0,0,0,109.66,122.34ZM64,156.69,35.31,128,64,99.31,92.69,128Z\"><\/path><\/svg>\t\t\t\t<\/span>\n\t\t\t<\/div>\n\t\t\t\n\t\t\t\t\t\t<div class=\"elementor-icon-box-content\">\n\n\t\t\t\t\t\t\t\t\t<h3 class=\"elementor-icon-box-title\">\n\t\t\t\t\t\t<span  >\n\t\t\t\t\t\t\tValores\t\t\t\t\t\t<\/span>\n\t\t\t\t\t<\/h3>\n\t\t\t\t\n\t\t\t\t\t\t\t\t\t<p class=\"elementor-icon-box-description\">\n\t\t\t\t\t\tHonestidade, compet\u00eancia, respeito e dedica\u00e7\u00e3o.\t\t\t\t\t<\/p>\n\t\t\t\t\n\t\t\t<\/div>\n\t\t\t\n\t\t<\/div>\n\t\t\t\t\t\t<\/div>\n\t\t\t\t<\/div>\n\t\t\t\t\t<\/div>\n\t\t\t\t<\/div>\n\t\t\t\t<\/div>\n\t\t\t\t<\/div>\n\t\t","protected":false},"excerpt":{"rendered":"<p>Um espa\u00e7o \u00fanico em Manaus Para atender seus exames com qualidade e responsabilidade Quem somos Somos uma cl\u00ednica especializada em imagem nuclear A CIA &#8211; Centro de Imagem do Amazonas, come\u00e7ou suas opera\u00e7\u00f5es em 2006. Atuamos com tradi\u00e7\u00e3o e precis\u00e3o diagn\u00f3stica. Somos uma Cl\u00ednica especializada em imagem nuclear, que realiza exames com alta qualidade usando [&hellip;]<\/p>\n","protected":false},"author":1,"featured_media":0,"parent":0,"menu_order":0,"comment_status":"closed","ping_status":"closed","template":"elementor_header_footer","meta":{"footnotes":""},"class_list":["post-10","page","type-page","status-publish","hentry"],"yoast_head":"<!-- This site is optimized with the Yoast SEO plugin v27.4 - https:\/\/yoast.com\/product\/yoast-seo-wordpress\/ -->\n<title>Sobre n\u00f3s - Centro de Imagens do Amazonas LTDA<\/title>\n<meta name=\"robots\" content=\"index, follow, max-snippet:-1, max-image-preview:large, max-video-preview:-1\" \/>\n<link rel=\"canonical\" href=\"https:\/\/cintilografiamanaus.com.br\/index.php\/sobre-nos\/\" \/>\n<meta property=\"og:locale\" content=\"pt_BR\" \/>\n<meta property=\"og:type\" content=\"article\" \/>\n<meta property=\"og:title\" content=\"Sobre n\u00f3s - Centro de Imagens do Amazonas LTDA\" \/>\n<meta property=\"og:description\" content=\"Um espa\u00e7o \u00fanico em Manaus Para atender seus exames com qualidade e responsabilidade Quem somos Somos uma cl\u00ednica especializada em imagem nuclear A CIA &#8211; Centro de Imagem do Amazonas, come\u00e7ou suas opera\u00e7\u00f5es em 2006. Atuamos com tradi\u00e7\u00e3o e precis\u00e3o diagn\u00f3stica. Somos uma Cl\u00ednica especializada em imagem nuclear, que realiza exames com alta qualidade usando [&hellip;]\" \/>\n<meta property=\"og:url\" content=\"https:\/\/cintilografiamanaus.com.br\/index.php\/sobre-nos\/\" \/>\n<meta property=\"og:site_name\" content=\"Centro de Imagens do Amazonas LTDA\" \/>\n<meta property=\"article:modified_time\" content=\"2024-06-12T20:43:57+00:00\" \/>\n<meta name=\"twitter:card\" content=\"summary_large_image\" \/>\n<meta name=\"twitter:label1\" content=\"Est. tempo de leitura\" \/>\n\t<meta name=\"twitter:data1\" content=\"1 minuto\" \/>\n<script type=\"application\/ld+json\" class=\"yoast-schema-graph\">{\"@context\":\"https:\\\/\\\/schema.org\",\"@graph\":[{\"@type\":\"WebPage\",\"@id\":\"https:\\\/\\\/cintilografiamanaus.com.br\\\/index.php\\\/sobre-nos\\\/\",\"url\":\"https:\\\/\\\/cintilografiamanaus.com.br\\\/index.php\\\/sobre-nos\\\/\",\"name\":\"Sobre n\u00f3s - Centro de Imagens do Amazonas LTDA\",\"isPartOf\":{\"@id\":\"https:\\\/\\\/cintilografiamanaus.com.br\\\/#website\"},\"datePublished\":\"2024-06-04T18:43:41+00:00\",\"dateModified\":\"2024-06-12T20:43:57+00:00\",\"breadcrumb\":{\"@id\":\"https:\\\/\\\/cintilografiamanaus.com.br\\\/index.php\\\/sobre-nos\\\/#breadcrumb\"},\"inLanguage\":\"pt-BR\",\"potentialAction\":[{\"@type\":\"ReadAction\",\"target\":[\"https:\\\/\\\/cintilografiamanaus.com.br\\\/index.php\\\/sobre-nos\\\/\"]}]},{\"@type\":\"BreadcrumbList\",\"@id\":\"https:\\\/\\\/cintilografiamanaus.com.br\\\/index.php\\\/sobre-nos\\\/#breadcrumb\",\"itemListElement\":[{\"@type\":\"ListItem\",\"position\":1,\"name\":\"In\u00edcio\",\"item\":\"https:\\\/\\\/cintilografiamanaus.com.br\\\/\"},{\"@type\":\"ListItem\",\"position\":2,\"name\":\"Sobre n\u00f3s\"}]},{\"@type\":\"WebSite\",\"@id\":\"https:\\\/\\\/cintilografiamanaus.com.br\\\/#website\",\"url\":\"https:\\\/\\\/cintilografiamanaus.com.br\\\/\",\"name\":\"Centro de Imagens do Amazonas LTDA\",\"description\":\"\",\"publisher\":{\"@id\":\"https:\\\/\\\/cintilografiamanaus.com.br\\\/#organization\"},\"potentialAction\":[{\"@type\":\"SearchAction\",\"target\":{\"@type\":\"EntryPoint\",\"urlTemplate\":\"https:\\\/\\\/cintilografiamanaus.com.br\\\/?s={search_term_string}\"},\"query-input\":{\"@type\":\"PropertyValueSpecification\",\"valueRequired\":true,\"valueName\":\"search_term_string\"}}],\"inLanguage\":\"pt-BR\"},{\"@type\":\"Organization\",\"@id\":\"https:\\\/\\\/cintilografiamanaus.com.br\\\/#organization\",\"name\":\"Centro de Imagens do Amazonas LTDA\",\"url\":\"https:\\\/\\\/cintilografiamanaus.com.br\\\/\",\"logo\":{\"@type\":\"ImageObject\",\"inLanguage\":\"pt-BR\",\"@id\":\"https:\\\/\\\/cintilografiamanaus.com.br\\\/#\\\/schema\\\/logo\\\/image\\\/\",\"url\":\"https:\\\/\\\/cintilografiamanaus.com.br\\\/wp-content\\\/uploads\\\/2024\\\/06\\\/CIA-Logo-horizontal@3.png\",\"contentUrl\":\"https:\\\/\\\/cintilografiamanaus.com.br\\\/wp-content\\\/uploads\\\/2024\\\/06\\\/CIA-Logo-horizontal@3.png\",\"width\":1280,\"height\":481,\"caption\":\"Centro de Imagens do Amazonas LTDA\"},\"image\":{\"@id\":\"https:\\\/\\\/cintilografiamanaus.com.br\\\/#\\\/schema\\\/logo\\\/image\\\/\"}}]}<\/script>\n<!-- \/ Yoast SEO plugin. -->","yoast_head_json":{"title":"Sobre n\u00f3s - Centro de Imagens do Amazonas LTDA","robots":{"index":"index","follow":"follow","max-snippet":"max-snippet:-1","max-image-preview":"max-image-preview:large","max-video-preview":"max-video-preview:-1"},"canonical":"https:\/\/cintilografiamanaus.com.br\/index.php\/sobre-nos\/","og_locale":"pt_BR","og_type":"article","og_title":"Sobre n\u00f3s - Centro de Imagens do Amazonas LTDA","og_description":"Um espa\u00e7o \u00fanico em Manaus Para atender seus exames com qualidade e responsabilidade Quem somos Somos uma cl\u00ednica especializada em imagem nuclear A CIA &#8211; Centro de Imagem do Amazonas, come\u00e7ou suas opera\u00e7\u00f5es em 2006. Atuamos com tradi\u00e7\u00e3o e precis\u00e3o diagn\u00f3stica. Somos uma Cl\u00ednica especializada em imagem nuclear, que realiza exames com alta qualidade usando [&hellip;]","og_url":"https:\/\/cintilografiamanaus.com.br\/index.php\/sobre-nos\/","og_site_name":"Centro de Imagens do Amazonas LTDA","article_modified_time":"2024-06-12T20:43:57+00:00","twitter_card":"summary_large_image","twitter_misc":{"Est. tempo de leitura":"1 minuto"},"schema":{"@context":"https:\/\/schema.org","@graph":[{"@type":"WebPage","@id":"https:\/\/cintilografiamanaus.com.br\/index.php\/sobre-nos\/","url":"https:\/\/cintilografiamanaus.com.br\/index.php\/sobre-nos\/","name":"Sobre n\u00f3s - Centro de Imagens do Amazonas LTDA","isPartOf":{"@id":"https:\/\/cintilografiamanaus.com.br\/#website"},"datePublished":"2024-06-04T18:43:41+00:00","dateModified":"2024-06-12T20:43:57+00:00","breadcrumb":{"@id":"https:\/\/cintilografiamanaus.com.br\/index.php\/sobre-nos\/#breadcrumb"},"inLanguage":"pt-BR","potentialAction":[{"@type":"ReadAction","target":["https:\/\/cintilografiamanaus.com.br\/index.php\/sobre-nos\/"]}]},{"@type":"BreadcrumbList","@id":"https:\/\/cintilografiamanaus.com.br\/index.php\/sobre-nos\/#breadcrumb","itemListElement":[{"@type":"ListItem","position":1,"name":"In\u00edcio","item":"https:\/\/cintilografiamanaus.com.br\/"},{"@type":"ListItem","position":2,"name":"Sobre n\u00f3s"}]},{"@type":"WebSite","@id":"https:\/\/cintilografiamanaus.com.br\/#website","url":"https:\/\/cintilografiamanaus.com.br\/","name":"Centro de Imagens do Amazonas LTDA","description":"","publisher":{"@id":"https:\/\/cintilografiamanaus.com.br\/#organization"},"potentialAction":[{"@type":"SearchAction","target":{"@type":"EntryPoint","urlTemplate":"https:\/\/cintilografiamanaus.com.br\/?s={search_term_string}"},"query-input":{"@type":"PropertyValueSpecification","valueRequired":true,"valueName":"search_term_string"}}],"inLanguage":"pt-BR"},{"@type":"Organization","@id":"https:\/\/cintilografiamanaus.com.br\/#organization","name":"Centro de Imagens do Amazonas LTDA","url":"https:\/\/cintilografiamanaus.com.br\/","logo":{"@type":"ImageObject","inLanguage":"pt-BR","@id":"https:\/\/cintilografiamanaus.com.br\/#\/schema\/logo\/image\/","url":"https:\/\/cintilografiamanaus.com.br\/wp-content\/uploads\/2024\/06\/CIA-Logo-horizontal@3.png","contentUrl":"https:\/\/cintilografiamanaus.com.br\/wp-content\/uploads\/2024\/06\/CIA-Logo-horizontal@3.png","width":1280,"height":481,"caption":"Centro de Imagens do Amazonas LTDA"},"image":{"@id":"https:\/\/cintilografiamanaus.com.br\/#\/schema\/logo\/image\/"}}]}},"_links":{"self":[{"href":"https:\/\/cintilografiamanaus.com.br\/index.php\/wp-json\/wp\/v2\/pages\/10","targetHints":{"allow":["GET"]}}],"collection":[{"href":"https:\/\/cintilografiamanaus.com.br\/index.php\/wp-json\/wp\/v2\/pages"}],"about":[{"href":"https:\/\/cintilografiamanaus.com.br\/index.php\/wp-json\/wp\/v2\/types\/page"}],"author":[{"embeddable":true,"href":"https:\/\/cintilografiamanaus.com.br\/index.php\/wp-json\/wp\/v2\/users\/1"}],"replies":[{"embeddable":true,"href":"https:\/\/cintilografiamanaus.com.br\/index.php\/wp-json\/wp\/v2\/comments?post=10"}],"version-history":[{"count":0,"href":"https:\/\/cintilografiamanaus.com.br\/index.php\/wp-json\/wp\/v2\/pages\/10\/revisions"}],"wp:attachment":[{"href":"https:\/\/cintilografiamanaus.com.br\/index.php\/wp-json\/wp\/v2\/media?parent=10"}],"curies":[{"name":"wp","href":"https:\/\/api.w.org\/{rel}","templated":true}]}}